{"id":2342,"date":"2025-10-08T14:11:00","date_gmt":"2025-10-08T12:11:00","guid":{"rendered":"http:\/\/lapavoncella-sardegna.it\/recensioni\/"},"modified":"2025-12-15T10:49:12","modified_gmt":"2025-12-15T09:49:12","slug":"review","status":"publish","type":"page","link":"https:\/\/lapavoncella-sardegna.it\/en\/review\/","title":{"rendered":"Review"},"content":{"rendered":"\t\t<div data-elementor-type=\"wp-page\" data-elementor-id=\"2342\" class=\"elementor elementor-2342 elementor-867\" data-elementor-post-type=\"page\">\n\t\t\t\t<div class=\"elementor-element elementor-element-1d5d8a66 e-grid e-con-boxed e-con e-parent\" data-id=\"1d5d8a66\" data-element_type=\"container\" data-e-type=\"container\" id=\"intro\" data-settings=\"{&quot;background_background&quot;:&quot;classic&quot;}\">\n\t\t\t\t\t<div class=\"e-con-inner\">\n\t\t<div class=\"elementor-element elementor-element-31a35ac4 e-con-full e-flex e-con e-child\" data-id=\"31a35ac4\" data-element_type=\"container\" data-e-type=\"container\">\n\t\t\t\t<div class=\"elementor-element elementor-element-39bcd91f elementor-widget elementor-widget-text-editor\" data-id=\"39bcd91f\" data-element_type=\"widget\" data-e-type=\"widget\" data-widget_type=\"text-editor.default\">\n\t\t\t\t\t\t\t\t\t<h2>Stories from those who have chosen us<\/h2>\t\t\t\t\t\t\t\t<\/div>\n\t\t\t\t<\/div>\n\t\t<div class=\"elementor-element elementor-element-1c87a7a5 e-con-full e-flex e-con e-child\" data-id=\"1c87a7a5\" data-element_type=\"container\" data-e-type=\"container\">\n\t\t\t\t<div class=\"elementor-element elementor-element-761eb468 elementor-widget elementor-widget-text-editor\" data-id=\"761eb468\" data-element_type=\"widget\" data-e-type=\"widget\" data-widget_type=\"text-editor.default\">\n\t\t\t\t\t\t\t\t\t<p>Our guests&#8217; words convey the atmosphere here better than any description. Each review is a shared memory, a special moment spent relaxing, discovering, and experiencing genuine hospitality. Reading them means entering the heart of our facility and understanding how much we care about making each guest feel at home.<\/p>\t\t\t\t\t\t\t\t<\/div>\n\t\t\t\t<\/div>\n\t\t\t\t\t<\/div>\n\t\t\t\t<\/div>\n\t\t<div class=\"elementor-element elementor-element-c092d1a e-flex e-con-boxed e-con e-parent\" data-id=\"c092d1a\" data-element_type=\"container\" data-e-type=\"container\">\n\t\t\t\t\t<div class=\"e-con-inner\">\n\t\t<div class=\"elementor-element elementor-element-095dd60 e-con-full e-flex e-con e-child\" data-id=\"095dd60\" data-element_type=\"container\" data-e-type=\"container\">\n\t\t\t\t<div class=\"elementor-element elementor-element-b636c8a elementor-widget elementor-widget-testimonial\" data-id=\"b636c8a\" data-element_type=\"widget\" data-e-type=\"widget\" data-widget_type=\"testimonial.default\">\n\t\t\t\t\t\t\t<div class=\"elementor-testimonial-wrapper\">\n\t\t\t\t\t\t\t<div class=\"elementor-testimonial-content\"><b>Wonderful holiday.<\/b> It is a very quiet location and the beautiful long beach is a few meters from the apartment. There is also a swimming pool in the resort, but we didn't use it for the whole 12 days. The location is a good point for other trips. Overall we were delighted. <\/div>\n\t\t\t\n\t\t\t\t\t\t<div class=\"elementor-testimonial-meta elementor-has-image elementor-testimonial-image-position-top\">\n\t\t\t\t<div class=\"elementor-testimonial-meta-inner\">\n\t\t\t\t\t\t\t\t\t\t\t<div class=\"elementor-testimonial-image\">\n\t\t\t\t\t\t\t<img decoding=\"async\" width=\"128\" height=\"24\" src=\"https:\/\/lapavoncella-sardegna.it\/wp-content\/uploads\/rating.png\" class=\"attachment-full size-full wp-image-1433\" alt=\"\" \/>\t\t\t\t\t\t<\/div>\n\t\t\t\t\t\n\t\t\t\t\t\t\t\t\t\t<div class=\"elementor-testimonial-details\">\n\t\t\t\t\t\t\t\t\t\t\t\t\t\t<div class=\"elementor-testimonial-name\">Pavla85<\/div>\n\t\t\t\t\t\t\t\t\t\t\t\t\t\t\t\t\t\t\t\t\t\t<div class=\"elementor-testimonial-job\">booking - agosto 2024<\/div>\n\t\t\t\t\t\t\t\t\t\t\t\t\t<\/div>\n\t\t\t\t\t\t\t\t\t<\/div>\n\t\t\t<\/div>\n\t\t\t\t\t<\/div>\n\t\t\t\t\t\t<\/div>\n\t\t\t\t<div class=\"elementor-element elementor-element-00d1c9e elementor-widget elementor-widget-testimonial\" data-id=\"00d1c9e\" data-element_type=\"widget\" data-e-type=\"widget\" data-widget_type=\"testimonial.default\">\n\t\t\t\t\t\t\t<div class=\"elementor-testimonial-wrapper\">\n\t\t\t\t\t\t\t<div class=\"elementor-testimonial-content\"><b>Eine perfekte Unterkunft mit allem, was man braucht, nur wenige Schritte vom Strand entfernt..<\/b> Der Strand ist wirklich nur 30\u201350 Meter von der Unterkunft entfernt. Die Wohnung hat einen wundersch\u00f6nen Garten und wirklich alles ist in der Unterkunft verf\u00fcgbar. Wir haben uns besonders \u00fcber die Waschmaschine gefreut, mit der wir gar nicht gerechnet hatten.\nEs war nicht n\u00f6tig, sogar einen Sonnenschirm oder Liegest\u00fchle mitzunehmen, da all dies in der Wohnung vorhanden war.\nWirklich ein gro\u00dfes Lob f\u00fcr diese Unterkunft.<\/div>\n\t\t\t\n\t\t\t\t\t\t<div class=\"elementor-testimonial-meta elementor-has-image elementor-testimonial-image-position-top\">\n\t\t\t\t<div class=\"elementor-testimonial-meta-inner\">\n\t\t\t\t\t\t\t\t\t\t\t<div class=\"elementor-testimonial-image\">\n\t\t\t\t\t\t\t<img decoding=\"async\" width=\"128\" height=\"24\" src=\"https:\/\/lapavoncella-sardegna.it\/wp-content\/uploads\/rating.png\" class=\"attachment-full size-full wp-image-1433\" alt=\"\" \/>\t\t\t\t\t\t<\/div>\n\t\t\t\t\t\n\t\t\t\t\t\t\t\t\t\t<div class=\"elementor-testimonial-details\">\n\t\t\t\t\t\t\t\t\t\t\t\t\t\t<div class=\"elementor-testimonial-name\">Aleksandar - germany<\/div>\n\t\t\t\t\t\t\t\t\t\t\t\t\t\t\t\t\t\t\t\t\t\t<div class=\"elementor-testimonial-job\">booking - settembre 2025<\/div>\n\t\t\t\t\t\t\t\t\t\t\t\t\t<\/div>\n\t\t\t\t\t\t\t\t\t<\/div>\n\t\t\t<\/div>\n\t\t\t\t\t<\/div>\n\t\t\t\t\t\t<\/div>\n\t\t\t\t<\/div>\n\t\t<div class=\"elementor-element elementor-element-a5bdc2a e-con-full e-flex e-con e-child\" data-id=\"a5bdc2a\" data-element_type=\"container\" data-e-type=\"container\">\n\t\t\t\t<div class=\"elementor-element elementor-element-8345bbb elementor-widget elementor-widget-testimonial\" data-id=\"8345bbb\" data-element_type=\"widget\" data-e-type=\"widget\" data-widget_type=\"testimonial.default\">\n\t\t\t\t\t\t\t<div class=\"elementor-testimonial-wrapper\">\n\t\t\t\t\t\t\t<div class=\"elementor-testimonial-content\"><b>Nice and cosy apartment, perfect for a couple<\/b>. \nThe apartment was clean,cosy and had all you need for a nice stay. It is at a walking distance from the beach and also a few steps from the pool (the pool is for kids and adults which was perfect for us). Kitchen had everything that you need to cook and enjoy your meal. Simone, our host was so kind and keen to make our stay as comfortable and enjoyable possible, anytime when we had questions she was replying in a few minutes, we are very grateful. Simone kindly offered us to stay longer on the day of our departure if we needed as there were no other guests to arrive on that day, it was very handy for us as we had an evening flight and our baby had her mid day nap in the bed and not in the car<\/div>\n\t\t\t\n\t\t\t\t\t\t<div class=\"elementor-testimonial-meta elementor-has-image elementor-testimonial-image-position-top\">\n\t\t\t\t<div class=\"elementor-testimonial-meta-inner\">\n\t\t\t\t\t\t\t\t\t\t\t<div class=\"elementor-testimonial-image\">\n\t\t\t\t\t\t\t<img decoding=\"async\" width=\"128\" height=\"24\" src=\"https:\/\/lapavoncella-sardegna.it\/wp-content\/uploads\/rating.png\" class=\"attachment-full size-full wp-image-1433\" alt=\"\" \/>\t\t\t\t\t\t<\/div>\n\t\t\t\t\t\n\t\t\t\t\t\t\t\t\t\t<div class=\"elementor-testimonial-details\">\n\t\t\t\t\t\t\t\t\t\t\t\t\t\t<div class=\"elementor-testimonial-name\">Aliona  - denmark<\/div>\n\t\t\t\t\t\t\t\t\t\t\t\t\t\t\t\t\t\t\t\t\t\t<div class=\"elementor-testimonial-job\">booking - settermbre 2024<\/div>\n\t\t\t\t\t\t\t\t\t\t\t\t\t<\/div>\n\t\t\t\t\t\t\t\t\t<\/div>\n\t\t\t<\/div>\n\t\t\t\t\t<\/div>\n\t\t\t\t\t\t<\/div>\n\t\t\t\t<div class=\"elementor-element elementor-element-bef6196 elementor-widget elementor-widget-testimonial\" data-id=\"bef6196\" data-element_type=\"widget\" data-e-type=\"widget\" data-widget_type=\"testimonial.default\">\n\t\t\t\t\t\t\t<div class=\"elementor-testimonial-wrapper\">\n\t\t\t\t\t\t\t<div class=\"elementor-testimonial-content\"><b>Estancia de 10, volveremos.<\/b>\nNos gust\u00f3 mucho que estuviera en primera l\u00ednea de playa, el alojamiento bastante nuevo y todo bien<\/div>\n\t\t\t\n\t\t\t\t\t\t<div class=\"elementor-testimonial-meta elementor-has-image elementor-testimonial-image-position-top\">\n\t\t\t\t<div class=\"elementor-testimonial-meta-inner\">\n\t\t\t\t\t\t\t\t\t\t\t<div class=\"elementor-testimonial-image\">\n\t\t\t\t\t\t\t<img decoding=\"async\" width=\"128\" height=\"24\" src=\"https:\/\/lapavoncella-sardegna.it\/wp-content\/uploads\/rating.png\" class=\"attachment-full size-full wp-image-1433\" alt=\"\" \/>\t\t\t\t\t\t<\/div>\n\t\t\t\t\t\n\t\t\t\t\t\t\t\t\t\t<div class=\"elementor-testimonial-details\">\n\t\t\t\t\t\t\t\t\t\t\t\t\t\t<div class=\"elementor-testimonial-name\">Daiana - Espana<\/div>\n\t\t\t\t\t\t\t\t\t\t\t\t\t\t\t\t\t\t\t\t\t\t<div class=\"elementor-testimonial-job\">booking - luglio 2025<\/div>\n\t\t\t\t\t\t\t\t\t\t\t\t\t<\/div>\n\t\t\t\t\t\t\t\t\t<\/div>\n\t\t\t<\/div>\n\t\t\t\t\t<\/div>\n\t\t\t\t\t\t<\/div>\n\t\t\t\t<\/div>\n\t\t\t\t\t<\/div>\n\t\t\t\t<\/div>\n\t\t\t\t<\/div>\n\t\t","protected":false},"excerpt":{"rendered":"<p>Stories from those who have chosen us Our guests&#8217; words convey the atmosphere here better than any description. Each review [&hellip;]<\/p>\n","protected":false},"author":1,"featured_media":0,"parent":0,"menu_order":0,"comment_status":"closed","ping_status":"closed","template":"","meta":{"site-sidebar-layout":"default","site-content-layout":"","ast-site-content-layout":"default","site-content-style":"default","site-sidebar-style":"default","ast-global-header-display":"","ast-banner-title-visibility":"","ast-main-header-display":"","ast-hfb-above-header-display":"","ast-hfb-below-header-display":"","ast-hfb-mobile-header-display":"","site-post-title":"","ast-breadcrumbs-content":"","ast-featured-img":"disabled","footer-sml-layout":"","ast-disable-related-posts":"","theme-transparent-header-meta":"default","adv-header-id-meta":"","stick-header-meta":"","header-above-stick-meta":"","header-main-stick-meta":"","header-below-stick-meta":"","astra-migrate-meta-layouts":"set","ast-page-background-enabled":"default","ast-page-background-meta":{"desktop":{"background-color":"var(--ast-global-color-5)","background-image":"","background-repeat":"repeat","background-position":"center center","background-size":"auto","background-attachment":"scroll","background-type":"","background-media":"","overlay-type":"","overlay-color":"","overlay-opacity":"","overlay-gradient":""},"tablet":{"background-color":"","background-image":"","background-repeat":"repeat","background-position":"center center","background-size":"auto","background-attachment":"scroll","background-type":"","background-media":"","overlay-type":"","overlay-color":"","overlay-opacity":"","overlay-gradient":""},"mobile":{"background-color":"","background-image":"","background-repeat":"repeat","background-position":"center center","background-size":"auto","background-attachment":"scroll","background-type":"","background-media":"","overlay-type":"","overlay-color":"","overlay-opacity":"","overlay-gradient":""}},"ast-content-background-meta":{"desktop":{"background-color":"var(--ast-global-color-4)","background-image":"","background-repeat":"repeat","background-position":"center center","background-size":"auto","background-attachment":"scroll","background-type":"","background-media":"","overlay-type":"","overlay-color":"","overlay-opacity":"","overlay-gradient":""},"tablet":{"background-color":"var(--ast-global-color-4)","background-image":"","background-repeat":"repeat","background-position":"center center","background-size":"auto","background-attachment":"scroll","background-type":"","background-media":"","overlay-type":"","overlay-color":"","overlay-opacity":"","overlay-gradient":""},"mobile":{"background-color":"var(--ast-global-color-4)","background-image":"","background-repeat":"repeat","background-position":"center center","background-size":"auto","background-attachment":"scroll","background-type":"","background-media":"","overlay-type":"","overlay-color":"","overlay-opacity":"","overlay-gradient":""}},"footnotes":""},"class_list":["post-2342","page","type-page","status-publish","hentry"],"yoast_head":"<!-- This site is optimized with the Yoast SEO plugin v27.1.1 - https:\/\/yoast.com\/product\/yoast-seo-wordpress\/ -->\n<title>Guest Reviews - La Pavoncella Sardegna<\/title>\n<meta name=\"description\" content=\"Read guest reviews of La Pavoncella holiday apartment in Badesi, Sardinia.\" \/>\n<meta name=\"robots\" content=\"index, follow, max-snippet:-1, max-image-preview:large, max-video-preview:-1\" \/>\n<link rel=\"canonical\" href=\"https:\/\/lapavoncella-sardegna.it\/en\/review\/\" \/>\n<meta property=\"og:locale\" content=\"en_US\" \/>\n<meta property=\"og:type\" content=\"article\" \/>\n<meta property=\"og:title\" content=\"Guest Reviews - La Pavoncella Sardegna\" \/>\n<meta property=\"og:description\" content=\"Read guest reviews of La Pavoncella holiday apartment in Badesi, Sardinia.\" \/>\n<meta property=\"og:url\" content=\"https:\/\/lapavoncella-sardegna.it\/en\/review\/\" \/>\n<meta property=\"og:site_name\" content=\"La Pavoncella Sardegna\" \/>\n<meta property=\"article:modified_time\" content=\"2025-12-15T09:49:12+00:00\" \/>\n<meta property=\"og:image\" content=\"http:\/\/lapavoncella-sardegna.it\/wp-content\/uploads\/rating.png\" \/>\n<meta name=\"twitter:card\" content=\"summary_large_image\" \/>\n<meta name=\"twitter:label1\" content=\"Est. reading time\" \/>\n\t<meta name=\"twitter:data1\" content=\"3 minutes\" \/>\n<script type=\"application\/ld+json\" class=\"yoast-schema-graph\">{\"@context\":\"https:\/\/schema.org\",\"@graph\":[{\"@type\":\"WebPage\",\"@id\":\"https:\/\/lapavoncella-sardegna.it\/en\/review\/\",\"url\":\"https:\/\/lapavoncella-sardegna.it\/en\/review\/\",\"name\":\"Guest Reviews - La Pavoncella Sardegna\",\"isPartOf\":{\"@id\":\"https:\/\/lapavoncella-sardegna.it\/en\/#website\"},\"primaryImageOfPage\":{\"@id\":\"https:\/\/lapavoncella-sardegna.it\/en\/review\/#primaryimage\"},\"image\":{\"@id\":\"https:\/\/lapavoncella-sardegna.it\/en\/review\/#primaryimage\"},\"thumbnailUrl\":\"http:\/\/lapavoncella-sardegna.it\/wp-content\/uploads\/rating.png\",\"datePublished\":\"2025-10-08T12:11:00+00:00\",\"dateModified\":\"2025-12-15T09:49:12+00:00\",\"description\":\"Read guest reviews of La Pavoncella holiday apartment in Badesi, Sardinia.\",\"breadcrumb\":{\"@id\":\"https:\/\/lapavoncella-sardegna.it\/en\/review\/#breadcrumb\"},\"inLanguage\":\"en-US\",\"potentialAction\":[{\"@type\":\"ReadAction\",\"target\":[\"https:\/\/lapavoncella-sardegna.it\/en\/review\/\"]}]},{\"@type\":\"ImageObject\",\"inLanguage\":\"en-US\",\"@id\":\"https:\/\/lapavoncella-sardegna.it\/en\/review\/#primaryimage\",\"url\":\"http:\/\/lapavoncella-sardegna.it\/wp-content\/uploads\/rating.png\",\"contentUrl\":\"http:\/\/lapavoncella-sardegna.it\/wp-content\/uploads\/rating.png\"},{\"@type\":\"BreadcrumbList\",\"@id\":\"https:\/\/lapavoncella-sardegna.it\/en\/review\/#breadcrumb\",\"itemListElement\":[{\"@type\":\"ListItem\",\"position\":1,\"name\":\"Home\",\"item\":\"https:\/\/lapavoncella-sardegna.it\/en\/\"},{\"@type\":\"ListItem\",\"position\":2,\"name\":\"Review\"}]},{\"@type\":\"WebSite\",\"@id\":\"https:\/\/lapavoncella-sardegna.it\/en\/#website\",\"url\":\"https:\/\/lapavoncella-sardegna.it\/en\/\",\"name\":\"La Pavoncella Sardegna\",\"description\":\"Affitti brevi appartamento mare sardegna\",\"publisher\":{\"@id\":\"https:\/\/lapavoncella-sardegna.it\/en\/#organization\"},\"alternateName\":\"Appartamento sul mare Vacanze a Badesi\",\"potentialAction\":[{\"@type\":\"SearchAction\",\"target\":{\"@type\":\"EntryPoint\",\"urlTemplate\":\"https:\/\/lapavoncella-sardegna.it\/en\/?s={search_term_string}\"},\"query-input\":{\"@type\":\"PropertyValueSpecification\",\"valueRequired\":true,\"valueName\":\"search_term_string\"}}],\"inLanguage\":\"en-US\"},{\"@type\":\"Organization\",\"@id\":\"https:\/\/lapavoncella-sardegna.it\/en\/#organization\",\"name\":\"La Pavoncella Sardegna\",\"url\":\"https:\/\/lapavoncella-sardegna.it\/en\/\",\"logo\":{\"@type\":\"ImageObject\",\"inLanguage\":\"en-US\",\"@id\":\"https:\/\/lapavoncella-sardegna.it\/en\/#\/schema\/logo\/image\/\",\"url\":\"https:\/\/lapavoncella-sardegna.it\/wp-content\/uploads\/logoLaPavoncellaBadesi.png\",\"contentUrl\":\"https:\/\/lapavoncella-sardegna.it\/wp-content\/uploads\/logoLaPavoncellaBadesi.png\",\"width\":640,\"height\":640,\"caption\":\"La Pavoncella Sardegna\"},\"image\":{\"@id\":\"https:\/\/lapavoncella-sardegna.it\/en\/#\/schema\/logo\/image\/\"},\"sameAs\":[\"https:\/\/www.instagram.com\/_la_pavoncella_\/\"]}]}<\/script>\n<!-- \/ Yoast SEO plugin. -->","yoast_head_json":{"title":"Guest Reviews - La Pavoncella Sardegna","description":"Read guest reviews of La Pavoncella holiday apartment in Badesi, Sardinia.","robots":{"index":"index","follow":"follow","max-snippet":"max-snippet:-1","max-image-preview":"max-image-preview:large","max-video-preview":"max-video-preview:-1"},"canonical":"https:\/\/lapavoncella-sardegna.it\/en\/review\/","og_locale":"en_US","og_type":"article","og_title":"Guest Reviews - La Pavoncella Sardegna","og_description":"Read guest reviews of La Pavoncella holiday apartment in Badesi, Sardinia.","og_url":"https:\/\/lapavoncella-sardegna.it\/en\/review\/","og_site_name":"La Pavoncella Sardegna","article_modified_time":"2025-12-15T09:49:12+00:00","og_image":[{"url":"http:\/\/lapavoncella-sardegna.it\/wp-content\/uploads\/rating.png","type":"","width":"","height":""}],"twitter_card":"summary_large_image","twitter_misc":{"Est. reading time":"3 minutes"},"schema":{"@context":"https:\/\/schema.org","@graph":[{"@type":"WebPage","@id":"https:\/\/lapavoncella-sardegna.it\/en\/review\/","url":"https:\/\/lapavoncella-sardegna.it\/en\/review\/","name":"Guest Reviews - La Pavoncella Sardegna","isPartOf":{"@id":"https:\/\/lapavoncella-sardegna.it\/en\/#website"},"primaryImageOfPage":{"@id":"https:\/\/lapavoncella-sardegna.it\/en\/review\/#primaryimage"},"image":{"@id":"https:\/\/lapavoncella-sardegna.it\/en\/review\/#primaryimage"},"thumbnailUrl":"http:\/\/lapavoncella-sardegna.it\/wp-content\/uploads\/rating.png","datePublished":"2025-10-08T12:11:00+00:00","dateModified":"2025-12-15T09:49:12+00:00","description":"Read guest reviews of La Pavoncella holiday apartment in Badesi, Sardinia.","breadcrumb":{"@id":"https:\/\/lapavoncella-sardegna.it\/en\/review\/#breadcrumb"},"inLanguage":"en-US","potentialAction":[{"@type":"ReadAction","target":["https:\/\/lapavoncella-sardegna.it\/en\/review\/"]}]},{"@type":"ImageObject","inLanguage":"en-US","@id":"https:\/\/lapavoncella-sardegna.it\/en\/review\/#primaryimage","url":"http:\/\/lapavoncella-sardegna.it\/wp-content\/uploads\/rating.png","contentUrl":"http:\/\/lapavoncella-sardegna.it\/wp-content\/uploads\/rating.png"},{"@type":"BreadcrumbList","@id":"https:\/\/lapavoncella-sardegna.it\/en\/review\/#breadcrumb","itemListElement":[{"@type":"ListItem","position":1,"name":"Home","item":"https:\/\/lapavoncella-sardegna.it\/en\/"},{"@type":"ListItem","position":2,"name":"Review"}]},{"@type":"WebSite","@id":"https:\/\/lapavoncella-sardegna.it\/en\/#website","url":"https:\/\/lapavoncella-sardegna.it\/en\/","name":"La Pavoncella Sardegna","description":"Affitti brevi appartamento mare sardegna","publisher":{"@id":"https:\/\/lapavoncella-sardegna.it\/en\/#organization"},"alternateName":"Appartamento sul mare Vacanze a Badesi","potentialAction":[{"@type":"SearchAction","target":{"@type":"EntryPoint","urlTemplate":"https:\/\/lapavoncella-sardegna.it\/en\/?s={search_term_string}"},"query-input":{"@type":"PropertyValueSpecification","valueRequired":true,"valueName":"search_term_string"}}],"inLanguage":"en-US"},{"@type":"Organization","@id":"https:\/\/lapavoncella-sardegna.it\/en\/#organization","name":"La Pavoncella Sardegna","url":"https:\/\/lapavoncella-sardegna.it\/en\/","logo":{"@type":"ImageObject","inLanguage":"en-US","@id":"https:\/\/lapavoncella-sardegna.it\/en\/#\/schema\/logo\/image\/","url":"https:\/\/lapavoncella-sardegna.it\/wp-content\/uploads\/logoLaPavoncellaBadesi.png","contentUrl":"https:\/\/lapavoncella-sardegna.it\/wp-content\/uploads\/logoLaPavoncellaBadesi.png","width":640,"height":640,"caption":"La Pavoncella Sardegna"},"image":{"@id":"https:\/\/lapavoncella-sardegna.it\/en\/#\/schema\/logo\/image\/"},"sameAs":["https:\/\/www.instagram.com\/_la_pavoncella_\/"]}]}},"_links":{"self":[{"href":"https:\/\/lapavoncella-sardegna.it\/en\/wp-json\/wp\/v2\/pages\/2342","targetHints":{"allow":["GET"]}}],"collection":[{"href":"https:\/\/lapavoncella-sardegna.it\/en\/wp-json\/wp\/v2\/pages"}],"about":[{"href":"https:\/\/lapavoncella-sardegna.it\/en\/wp-json\/wp\/v2\/types\/page"}],"author":[{"embeddable":true,"href":"https:\/\/lapavoncella-sardegna.it\/en\/wp-json\/wp\/v2\/users\/1"}],"replies":[{"embeddable":true,"href":"https:\/\/lapavoncella-sardegna.it\/en\/wp-json\/wp\/v2\/comments?post=2342"}],"version-history":[{"count":5,"href":"https:\/\/lapavoncella-sardegna.it\/en\/wp-json\/wp\/v2\/pages\/2342\/revisions"}],"predecessor-version":[{"id":2663,"href":"https:\/\/lapavoncella-sardegna.it\/en\/wp-json\/wp\/v2\/pages\/2342\/revisions\/2663"}],"wp:attachment":[{"href":"https:\/\/lapavoncella-sardegna.it\/en\/wp-json\/wp\/v2\/media?parent=2342"}],"curies":[{"name":"wp","href":"https:\/\/api.w.org\/{rel}","templated":true}]}}